{"id":634,"date":"2026-01-04T17:24:50","date_gmt":"2026-01-04T17:24:50","guid":{"rendered":"https:\/\/sgy.com.mx\/?post_type=product&#038;p=634"},"modified":"2026-01-20T17:09:35","modified_gmt":"2026-01-20T17:09:35","slug":"coc-masturbator-nam-rung-8-che-do-nhap-khau-chinh-hang","status":"publish","type":"product","link":"https:\/\/sgy.com.mx\/en\/product\/coc-masturbator-nam-rung-8-che-do-nhap-khau-chinh-hang\/","title":{"rendered":"8-Mode Vibrating Masturbator Cup for Men \u2013 Officially Imported"},"content":{"rendered":"<p>Si\u00eau ph\u1ea9m c\u1ed1c \u0111i\u1ec7n t\u1ef1 \u0111\u1ed9ng 9\u201312 ch\u1ebf \u0111\u1ed9 rung + th\u1ee5t + xoay + b\u00fa m\u00fat, k\u1ebft n\u1ed1i APP t\u00f9y ch\u1ec9nh t\u1ed1c \u0111\u1ed9. S\u01b0\u1edfi \u1ea5m + \u00e2m thanh r\u00ean th\u1ef1c t\u1ebf, c\u1ea3m bi\u1ebfn va ch\u1ea1m th\u00f4ng minh. Ch\u1ea5t li\u1ec7u silicone an to\u00e0n kh\u00f4ng m\u00f9i, d\u1ec5 v\u1ec7 sinh. Kho\u00e1i c\u1ea3m m\u00e3nh li\u1ec7t nh\u01b0 quan h\u1ec7 th\u1eadt, d\u00f9ng l\u00e0 &#8220;ph\u00ea&#8221; kh\u00f4ng d\u1eebng. H\u00e0ng x\u00e1ch tay x\u1ecbn!<\/p>","protected":false},"excerpt":{"rendered":"<p>M\u00f4 t\u1ea3: C\u1ed1c t\u1ef1 s\u01b0\u1edbng nam \u0111i\u1ec7n rung 7\u201310 ch\u1ebf \u0111\u1ed9 th\u1ee5t xoay b\u00fa m\u00fat, s\u01b0\u1edfi \u1ea5m th\u00f4ng minh 37\u201342\u00b0C nh\u01b0 th\u1eadt, \u00e2m thanh r\u00ean r\u1ec9 t\u01b0\u01a1ng t\u00e1c. Silicone y t\u1ebf m\u1ec1m m\u1ea1i, \u00f4m s\u00e1t k\u00edch th\u00edch m\u1ea1nh m\u1ebd. Tay c\u1ea7m ch\u1eafc, s\u1ea1c USB, ch\u1ed1ng n\u01b0\u1edbc IPX7. Gi\u1ea3i t\u1ecfa sinh l\u00fd \u0111\u1ec9nh cao, t\u1eadp delay xu\u1ea5t tinh.<br \/>\n\u0110\u00f3ng g\u00f3i k\u00edn \u0111\u00e1o, freeship.<\/p>","protected":false},"featured_media":1163,"comment_status":"open","ping_status":"closed","template":"","meta":{"site-sidebar-layout":"default","site-content-layout":"","ast-site-content-layout":"default","site-content-style":"default","site-sidebar-style":"default","ast-global-header-display":"","ast-banner-title-visibility":"","ast-main-header-display":"","ast-hfb-above-header-display":"","ast-hfb-below-header-display":"","ast-hfb-mobile-header-display":"","site-post-title":"","ast-breadcrumbs-content":"","ast-featured-img":"","footer-sml-layout":"","ast-disable-related-posts":"","theme-transparent-header-meta":"default","adv-header-id-meta":"","stick-header-meta":"","header-above-stick-meta":"","header-main-stick-meta":"","header-below-stick-meta":"","astra-migrate-meta-layouts":"set","ast-page-background-enabled":"default","ast-page-background-meta":{"desktop":{"background-color":"var(--ast-global-color-5)","background-image":"","background-repeat":"repeat","background-position":"center center","background-size":"auto","background-attachment":"scroll","background-type":"","background-media":"","overlay-type":"","overlay-color":"","overlay-opacity":"","overlay-gradient":""},"tablet":{"background-color":"","background-image":"","background-repeat":"repeat","background-position":"center center","background-size":"auto","background-attachment":"scroll","background-type":"","background-media":"","overlay-type":"","overlay-color":"","overlay-opacity":"","overlay-gradient":""},"mobile":{"background-color":"","background-image":"","background-repeat":"repeat","background-position":"center center","background-size":"auto","background-attachment":"scroll","background-type":"","background-media":"","overlay-type":"","overlay-color":"","overlay-opacity":"","overlay-gradient":""}},"ast-content-background-meta":{"desktop":{"background-color":"var(--ast-global-color-4)","background-image":"","background-repeat":"repeat","background-position":"center center","background-size":"auto","background-attachment":"scroll","background-type":"","background-media":"","overlay-type":"","overlay-color":"","overlay-opacity":"","overlay-gradient":""},"tablet":{"background-color":"var(--ast-global-color-4)","background-image":"","background-repeat":"repeat","background-position":"center center","background-size":"auto","background-attachment":"scroll","background-type":"","background-media":"","overlay-type":"","overlay-color":"","overlay-opacity":"","overlay-gradient":""},"mobile":{"background-color":"var(--ast-global-color-4)","background-image":"","background-repeat":"repeat","background-position":"center center","background-size":"auto","background-attachment":"scroll","background-type":"","background-media":"","overlay-type":"","overlay-color":"","overlay-opacity":"","overlay-gradient":""}}},"product_brand":[],"product_cat":[63,53,66,46],"product_tag":[],"class_list":{"0":"post-634","1":"product","2":"type-product","3":"status-publish","4":"has-post-thumbnail","6":"product_cat-sexy-lingerie","7":"product_cat-bdsm-tools","8":"product_cat-sm-tools","9":"product_cat-sextoys-for-men","10":"desktop-align-left","11":"tablet-align-left","12":"mobile-align-left","14":"first","15":"instock","16":"sale","17":"shipping-taxable","18":"purchasable","19":"product-type-simple"},"_links":{"self":[{"href":"https:\/\/sgy.com.mx\/en\/wp-json\/wp\/v2\/product\/634","targetHints":{"allow":["GET"]}}],"collection":[{"href":"https:\/\/sgy.com.mx\/en\/wp-json\/wp\/v2\/product"}],"about":[{"href":"https:\/\/sgy.com.mx\/en\/wp-json\/wp\/v2\/types\/product"}],"replies":[{"embeddable":true,"href":"https:\/\/sgy.com.mx\/en\/wp-json\/wp\/v2\/comments?post=634"}],"wp:featuredmedia":[{"embeddable":true,"href":"https:\/\/sgy.com.mx\/en\/wp-json\/wp\/v2\/media\/1163"}],"wp:attachment":[{"href":"https:\/\/sgy.com.mx\/en\/wp-json\/wp\/v2\/media?parent=634"}],"wp:term":[{"taxonomy":"product_brand","embeddable":true,"href":"https:\/\/sgy.com.mx\/en\/wp-json\/wp\/v2\/product_brand?post=634"},{"taxonomy":"product_cat","embeddable":true,"href":"https:\/\/sgy.com.mx\/en\/wp-json\/wp\/v2\/product_cat?post=634"},{"taxonomy":"product_tag","embeddable":true,"href":"https:\/\/sgy.com.mx\/en\/wp-json\/wp\/v2\/product_tag?post=634"}],"curies":[{"name":"wp","href":"https:\/\/api.w.org\/{rel}","templated":true}]}}