{"id":1193,"date":"2026-01-20T17:46:18","date_gmt":"2026-01-20T17:46:18","guid":{"rendered":"https:\/\/sgy.com.mx\/?post_type=product&#038;p=1193"},"modified":"2026-01-20T17:46:18","modified_gmt":"2026-01-20T17:46:18","slug":"may-rung-nu-len-dinh-sieu-nhanh-kich-thich-diem-g-am-vat-run-ray-khong-dung","status":"publish","type":"product","link":"https:\/\/sgy.com.mx\/en\/product\/may-rung-nu-len-dinh-sieu-nhanh-kich-thich-diem-g-am-vat-run-ray-khong-dung\/","title":{"rendered":"M\u00e1y Rung N\u1eef L\u00ean \u0110\u1ec9nh Si\u00eau Nhanh \u2013 K\u00edch Th\u00edch \u0110i\u1ec3m G + \u00c2m V\u1eadt, Run R\u1ea9y Kh\u00f4ng D\u1eebng"},"content":{"rendered":"<p>M\u00e1y rung \u0111i\u1ec3m G n\u1eef, 10 ch\u1ebf \u0111\u1ed9 rung m\u1ea1nh, massage \u00e2m \u0111\u1ea1o &amp; \u00e2m v\u1eadt. Gi\u00fap l\u00ean \u0111\u1ec9nh d\u1ec5 d\u00e0ng, t\u0103ng h\u01b0ng ph\u1ea5n. An to\u00e0n, d\u1ec5 v\u1ec7 sinh, ph\u00f9 h\u1ee3p m\u1ecdi l\u1ee9a tu\u1ed5i. B\u00ed quy\u1ebft th\u0103ng hoa cho n\u00e0ng.<\/p>","protected":false},"excerpt":{"rendered":"<p>Si\u00eau ph\u1ea9m m\u00e1y rung n\u1eef hot 2025, rung c\u1ef1c m\u1ea1nh ch\u1ea1m \u0111i\u1ec3m G, t\u1ea1o c\u1ea3m gi\u00e1c li\u1ebfm b\u00fa + rung \u0111\u1ed9ng d\u1eef d\u1ed9i. Ch\u1ec9 v\u00e0i ph\u00fat l\u00e0 n\u00e0ng \u201crun r\u1ea9y\u201d sung s\u01b0\u1edbng, l\u00ean \u0111\u1ec9nh li\u00ean t\u1ee5c. Nh\u1ecf g\u1ecdn c\u1ea7m tay, pin s\u1ea1c l\u00e2u, d\u00f9ng m\u1ecdi l\u00fac m\u1ecdi n\u01a1i. H\u00e0ng x\u00e1ch tay x\u1ecbn, giao k\u00edn!<\/p>","protected":false},"featured_media":1202,"comment_status":"open","ping_status":"closed","template":"","meta":{"site-sidebar-layout":"default","site-content-layout":"","ast-site-content-layout":"default","site-content-style":"default","site-sidebar-style":"default","ast-global-header-display":"","ast-banner-title-visibility":"","ast-main-header-display":"","ast-hfb-above-header-display":"","ast-hfb-below-header-display":"","ast-hfb-mobile-header-display":"","site-post-title":"","ast-breadcrumbs-content":"","ast-featured-img":"","footer-sml-layout":"","ast-disable-related-posts":"","theme-transparent-header-meta":"default","adv-header-id-meta":"","stick-header-meta":"","header-above-stick-meta":"","header-main-stick-meta":"","header-below-stick-meta":"","astra-migrate-meta-layouts":"set","ast-page-background-enabled":"default","ast-page-background-meta":{"desktop":{"background-color":"var(--ast-global-color-5)","background-image":"","background-repeat":"repeat","background-position":"center center","background-size":"auto","background-attachment":"scroll","background-type":"","background-media":"","overlay-type":"","overlay-color":"","overlay-opacity":"","overlay-gradient":""},"tablet":{"background-color":"","background-image":"","background-repeat":"repeat","background-position":"center center","background-size":"auto","background-attachment":"scroll","background-type":"","background-media":"","overlay-type":"","overlay-color":"","overlay-opacity":"","overlay-gradient":""},"mobile":{"background-color":"","background-image":"","background-repeat":"repeat","background-position":"center center","background-size":"auto","background-attachment":"scroll","background-type":"","background-media":"","overlay-type":"","overlay-color":"","overlay-opacity":"","overlay-gradient":""}},"ast-content-background-meta":{"desktop":{"background-color":"var(--ast-global-color-4)","background-image":"","background-repeat":"repeat","background-position":"center center","background-size":"auto","background-attachment":"scroll","background-type":"","background-media":"","overlay-type":"","overlay-color":"","overlay-opacity":"","overlay-gradient":""},"tablet":{"background-color":"var(--ast-global-color-4)","background-image":"","background-repeat":"repeat","background-position":"center center","background-size":"auto","background-attachment":"scroll","background-type":"","background-media":"","overlay-type":"","overlay-color":"","overlay-opacity":"","overlay-gradient":""},"mobile":{"background-color":"var(--ast-global-color-4)","background-image":"","background-repeat":"repeat","background-position":"center center","background-size":"auto","background-attachment":"scroll","background-type":"","background-media":"","overlay-type":"","overlay-color":"","overlay-opacity":"","overlay-gradient":""}}},"product_brand":[],"product_cat":[15],"product_tag":[],"class_list":{"0":"post-1193","1":"product","2":"type-product","3":"status-publish","4":"has-post-thumbnail","6":"product_cat-sextoys-for-women","7":"desktop-align-left","8":"tablet-align-left","9":"mobile-align-left","11":"first","12":"instock","13":"sale","14":"shipping-taxable","15":"purchasable","16":"product-type-simple"},"_links":{"self":[{"href":"https:\/\/sgy.com.mx\/en\/wp-json\/wp\/v2\/product\/1193","targetHints":{"allow":["GET"]}}],"collection":[{"href":"https:\/\/sgy.com.mx\/en\/wp-json\/wp\/v2\/product"}],"about":[{"href":"https:\/\/sgy.com.mx\/en\/wp-json\/wp\/v2\/types\/product"}],"replies":[{"embeddable":true,"href":"https:\/\/sgy.com.mx\/en\/wp-json\/wp\/v2\/comments?post=1193"}],"wp:featuredmedia":[{"embeddable":true,"href":"https:\/\/sgy.com.mx\/en\/wp-json\/wp\/v2\/media\/1202"}],"wp:attachment":[{"href":"https:\/\/sgy.com.mx\/en\/wp-json\/wp\/v2\/media?parent=1193"}],"wp:term":[{"taxonomy":"product_brand","embeddable":true,"href":"https:\/\/sgy.com.mx\/en\/wp-json\/wp\/v2\/product_brand?post=1193"},{"taxonomy":"product_cat","embeddable":true,"href":"https:\/\/sgy.com.mx\/en\/wp-json\/wp\/v2\/product_cat?post=1193"},{"taxonomy":"product_tag","embeddable":true,"href":"https:\/\/sgy.com.mx\/en\/wp-json\/wp\/v2\/product_tag?post=1193"}],"curies":[{"name":"wp","href":"https:\/\/api.w.org\/{rel}","templated":true}]}}