{"id":1183,"date":"2026-01-20T17:41:47","date_gmt":"2026-01-20T17:41:47","guid":{"rendered":"https:\/\/sgy.com.mx\/?post_type=product&#038;p=1183"},"modified":"2026-01-20T17:41:47","modified_gmt":"2026-01-20T17:41:47","slug":"av%e6%a3%92-may-rung-nu-cao-cap-que-rung-diem-g-sieu-manh-10-che-do-rung-xoay-thut-do-choi-tinh-duc-nu-thang-hoa","status":"publish","type":"product","link":"https:\/\/sgy.com.mx\/en\/product\/av%e6%a3%92-may-rung-nu-cao-cap-que-rung-diem-g-sieu-manh-10-che-do-rung-xoay-thut-do-choi-tinh-duc-nu-thang-hoa\/","title":{"rendered":"AV\u68d2 M\u00e1y Rung N\u1eef Cao C\u1ea5p \u2013 Que Rung \u0110i\u1ec3m G Si\u00eau M\u1ea1nh, 10 Ch\u1ebf \u0110\u1ed9 Rung Xoay Th\u1ee5t, \u0110\u1ed3 Ch\u01a1i T\u00ecnh D\u1ee5c N\u1eef Th\u0103ng Hoa"},"content":{"rendered":"<p>S\u1ea3n ph\u1ea9m hot cho ch\u1ecb em mu\u1ed1n kh\u00e1m ph\u00e1 kho\u00e1i c\u1ea3m &#8220;AV&#8221; \u0111\u1ec9nh cao! \u0110\u00f3ng g\u00f3i k\u00edn \u0111\u00e1o 100%, giao nhanh to\u00e0n qu\u1ed1c, freeship n\u1ed9i th\u00e0nh H\u00e0 N\u1ed9i. Recommend m\u1ea1nh cho c\u00e1c n\u00e0ng mu\u1ed1n &#8220;ph\u00ea&#8221; h\u01a1n m\u1ed7i ng\u00e0y!<br \/>\nN\u1ebfu b\u1ea1n mu\u1ed1n phi\u00ean b\u1ea3n &#8220;c\u00f3 li\u1ebfm b\u00fa&#8221;, &#8220;c\u00f3 s\u01b0\u1edfi \u1ea5m&#8221;, &#8220;mini c\u1ea7m tay&#8221; h\u01a1n, ho\u1eb7c ch\u1ec9nh m\u00f4 t\u1ea3 d\u00e0i\/chi ti\u1ebft h\u01a1n (c\u00e1ch d\u00f9ng, l\u1ee3i \u00edch c\u1ee5 th\u1ec3), c\u1ee9 b\u1ea3o nh\u00e9!<\/p>","protected":false},"excerpt":{"rendered":"<p>AV\u68d2 \u2013 si\u00eau ph\u1ea9m m\u00e1y rung t\u00ecnh d\u1ee5c n\u1eef ki\u1ec3u AV, thi\u1ebft k\u1ebf cong th\u00f4ng minh ch\u1ea1m s\u00e2u \u0111i\u1ec3m G, \u0111\u1ea7u rung xoay th\u1ee5t m\u1ea1nh m\u1ebd v\u1edbi 10\u201312 ch\u1ebf \u0111\u1ed9 rung \u0111a t\u1ea7n s\u1ed1 (t\u1eeb nh\u1eb9 nh\u00e0ng massage \u0111\u1ebfn rung c\u1ef1c m\u1ea1nh g\u00e2y run r\u1ea9y). Ch\u1ea5t li\u1ec7u silicone y t\u1ebf m\u1ec1m m\u1ea1i, kh\u00f4ng m\u00f9i, an to\u00e0n da nh\u1ea1y c\u1ea3m, s\u1ea1c USB ti\u1ec7n l\u1ee3i, ch\u1ed1ng n\u01b0\u1edbc IPX7 d\u1ec5 v\u1ec7 sinh.<\/p>","protected":false},"featured_media":1187,"comment_status":"open","ping_status":"closed","template":"","meta":{"site-sidebar-layout":"default","site-content-layout":"","ast-site-content-layout":"default","site-content-style":"default","site-sidebar-style":"default","ast-global-header-display":"","ast-banner-title-visibility":"","ast-main-header-display":"","ast-hfb-above-header-display":"","ast-hfb-below-header-display":"","ast-hfb-mobile-header-display":"","site-post-title":"","ast-breadcrumbs-content":"","ast-featured-img":"","footer-sml-layout":"","ast-disable-related-posts":"","theme-transparent-header-meta":"default","adv-header-id-meta":"","stick-header-meta":"","header-above-stick-meta":"","header-main-stick-meta":"","header-below-stick-meta":"","astra-migrate-meta-layouts":"set","ast-page-background-enabled":"default","ast-page-background-meta":{"desktop":{"background-color":"var(--ast-global-color-5)","background-image":"","background-repeat":"repeat","background-position":"center center","background-size":"auto","background-attachment":"scroll","background-type":"","background-media":"","overlay-type":"","overlay-color":"","overlay-opacity":"","overlay-gradient":""},"tablet":{"background-color":"","background-image":"","background-repeat":"repeat","background-position":"center center","background-size":"auto","background-attachment":"scroll","background-type":"","background-media":"","overlay-type":"","overlay-color":"","overlay-opacity":"","overlay-gradient":""},"mobile":{"background-color":"","background-image":"","background-repeat":"repeat","background-position":"center center","background-size":"auto","background-attachment":"scroll","background-type":"","background-media":"","overlay-type":"","overlay-color":"","overlay-opacity":"","overlay-gradient":""}},"ast-content-background-meta":{"desktop":{"background-color":"var(--ast-global-color-4)","background-image":"","background-repeat":"repeat","background-position":"center center","background-size":"auto","background-attachment":"scroll","background-type":"","background-media":"","overlay-type":"","overlay-color":"","overlay-opacity":"","overlay-gradient":""},"tablet":{"background-color":"var(--ast-global-color-4)","background-image":"","background-repeat":"repeat","background-position":"center center","background-size":"auto","background-attachment":"scroll","background-type":"","background-media":"","overlay-type":"","overlay-color":"","overlay-opacity":"","overlay-gradient":""},"mobile":{"background-color":"var(--ast-global-color-4)","background-image":"","background-repeat":"repeat","background-position":"center center","background-size":"auto","background-attachment":"scroll","background-type":"","background-media":"","overlay-type":"","overlay-color":"","overlay-opacity":"","overlay-gradient":""}}},"product_brand":[],"product_cat":[15],"product_tag":[],"class_list":{"0":"post-1183","1":"product","2":"type-product","3":"status-publish","4":"has-post-thumbnail","6":"product_cat-sextoys-for-women","7":"desktop-align-left","8":"tablet-align-left","9":"mobile-align-left","11":"first","12":"instock","13":"sale","14":"shipping-taxable","15":"purchasable","16":"product-type-simple"},"_links":{"self":[{"href":"https:\/\/sgy.com.mx\/en\/wp-json\/wp\/v2\/product\/1183","targetHints":{"allow":["GET"]}}],"collection":[{"href":"https:\/\/sgy.com.mx\/en\/wp-json\/wp\/v2\/product"}],"about":[{"href":"https:\/\/sgy.com.mx\/en\/wp-json\/wp\/v2\/types\/product"}],"replies":[{"embeddable":true,"href":"https:\/\/sgy.com.mx\/en\/wp-json\/wp\/v2\/comments?post=1183"}],"wp:featuredmedia":[{"embeddable":true,"href":"https:\/\/sgy.com.mx\/en\/wp-json\/wp\/v2\/media\/1187"}],"wp:attachment":[{"href":"https:\/\/sgy.com.mx\/en\/wp-json\/wp\/v2\/media?parent=1183"}],"wp:term":[{"taxonomy":"product_brand","embeddable":true,"href":"https:\/\/sgy.com.mx\/en\/wp-json\/wp\/v2\/product_brand?post=1183"},{"taxonomy":"product_cat","embeddable":true,"href":"https:\/\/sgy.com.mx\/en\/wp-json\/wp\/v2\/product_cat?post=1183"},{"taxonomy":"product_tag","embeddable":true,"href":"https:\/\/sgy.com.mx\/en\/wp-json\/wp\/v2\/product_tag?post=1183"}],"curies":[{"name":"wp","href":"https:\/\/api.w.org\/{rel}","templated":true}]}}