{"id":1173,"date":"2026-01-20T17:35:41","date_gmt":"2026-01-20T17:35:41","guid":{"rendered":"https:\/\/sgy.com.mx\/?post_type=product&#038;p=1173"},"modified":"2026-01-20T17:35:41","modified_gmt":"2026-01-20T17:35:41","slug":"kep-num-vu-nu-sm-cao-cap-kep-dau-ti-dieu-chinh-co-chuong-luc-lac-tang-khoai-cam-do-choi-tinh-duc-cap-doi","status":"publish","type":"product","link":"https:\/\/sgy.com.mx\/en\/product\/kep-num-vu-nu-sm-cao-cap-kep-dau-ti-dieu-chinh-co-chuong-luc-lac-tang-khoai-cam-do-choi-tinh-duc-cap-doi\/","title":{"rendered":"K\u1eb9p N\u00fam V\u00fa N\u1eef SM Cao C\u1ea5p \u2013 K\u1eb9p \u0110\u1ea7u Ti \u0110i\u1ec1u Ch\u1ec9nh, C\u00f3 Chu\u00f4ng L\u1ee5c L\u1ea1c T\u0103ng Kho\u00e1i C\u1ea3m, \u0110\u1ed3 Ch\u01a1i T\u00ecnh D\u1ee5c C\u1eb7p \u0110\u00f4i"},"content":{"rendered":"<p>Giao h\u00e0ng: K\u00edn \u0111\u00e1o 100%, h\u1ed9p ri\u00eang t\u01b0, freeship n\u1ed9i th\u00e0nh H\u00e0 N\u1ed9i &amp; to\u00e0n qu\u1ed1c (t\u00f9y \u0111\u01a1n).<\/p>\n<p>S\u1ea3n ph\u1ea9m hot cho ch\u1ecb em th\u00edch kh\u00e1m ph\u00e1 kho\u00e1i c\u1ea3m m\u1edbi! 5 sao recommend cho c\u00e1c c\u1eb7p \u0111\u00f4i.<\/p>","protected":false},"excerpt":{"rendered":"<p>K\u1eb9p n\u00fam v\u00fa n\u1eef cao c\u1ea5p ch\u1ea5t li\u1ec7u kim lo\u1ea1i\/inox kh\u00f4ng g\u1ec9 + silicon m\u1ec1m, \u0111i\u1ec1u ch\u1ec9nh \u0111\u1ed9 ch\u1eb7t d\u1ec5 d\u00e0ng, ph\u00f9 h\u1ee3p m\u1ecdi m\u1ee9c \u0111\u1ed9 ch\u01a1i. Thi\u1ebft k\u1ebf c\u00f3 chu\u00f4ng l\u1ee5c l\u1ea1c t\u1ea1o \u00e2m thanh g\u1ee3i c\u1ea3m, t\u0103ng k\u00edch th\u00edch khi di chuy\u1ec3n. K\u00edch th\u00edch \u0111\u1ea7u ti m\u1ea1nh m\u1ebd, l\u00e0m t\u0103ng \u0111\u1ed9 nh\u1ea1y c\u1ea3m, mang l\u1ea1i kho\u00e1i c\u1ea3m run r\u1ea9y cho n\u00e0ng. An to\u00e0n da nh\u1ea1y c\u1ea3m, kh\u00f4ng g\u00e2y \u0111au qu\u00e1 m\u1ee9c n\u1ebfu d\u00f9ng \u0111\u00fang c\u00e1ch. L\u00fd t\u01b0\u1edfng cho d\u1ea1o \u0111\u1ea7u, tr\u00f2 ch\u01a1i BDSM nh\u1eb9 nh\u00e0ng ho\u1eb7c c\u1eb7p \u0111\u00f4i mu\u1ed1n &#8220;\u0111\u1ed5i gi\u00f3&#8221; ph\u00f2ng the.<\/p>","protected":false},"featured_media":1177,"comment_status":"open","ping_status":"closed","template":"","meta":{"site-sidebar-layout":"default","site-content-layout":"","ast-site-content-layout":"default","site-content-style":"default","site-sidebar-style":"default","ast-global-header-display":"","ast-banner-title-visibility":"","ast-main-header-display":"","ast-hfb-above-header-display":"","ast-hfb-below-header-display":"","ast-hfb-mobile-header-display":"","site-post-title":"","ast-breadcrumbs-content":"","ast-featured-img":"","footer-sml-layout":"","ast-disable-related-posts":"","theme-transparent-header-meta":"default","adv-header-id-meta":"","stick-header-meta":"","header-above-stick-meta":"","header-main-stick-meta":"","header-below-stick-meta":"","astra-migrate-meta-layouts":"set","ast-page-background-enabled":"default","ast-page-background-meta":{"desktop":{"background-color":"var(--ast-global-color-5)","background-image":"","background-repeat":"repeat","background-position":"center center","background-size":"auto","background-attachment":"scroll","background-type":"","background-media":"","overlay-type":"","overlay-color":"","overlay-opacity":"","overlay-gradient":""},"tablet":{"background-color":"","background-image":"","background-repeat":"repeat","background-position":"center center","background-size":"auto","background-attachment":"scroll","background-type":"","background-media":"","overlay-type":"","overlay-color":"","overlay-opacity":"","overlay-gradient":""},"mobile":{"background-color":"","background-image":"","background-repeat":"repeat","background-position":"center center","background-size":"auto","background-attachment":"scroll","background-type":"","background-media":"","overlay-type":"","overlay-color":"","overlay-opacity":"","overlay-gradient":""}},"ast-content-background-meta":{"desktop":{"background-color":"var(--ast-global-color-4)","background-image":"","background-repeat":"repeat","background-position":"center center","background-size":"auto","background-attachment":"scroll","background-type":"","background-media":"","overlay-type":"","overlay-color":"","overlay-opacity":"","overlay-gradient":""},"tablet":{"background-color":"var(--ast-global-color-4)","background-image":"","background-repeat":"repeat","background-position":"center center","background-size":"auto","background-attachment":"scroll","background-type":"","background-media":"","overlay-type":"","overlay-color":"","overlay-opacity":"","overlay-gradient":""},"mobile":{"background-color":"var(--ast-global-color-4)","background-image":"","background-repeat":"repeat","background-position":"center center","background-size":"auto","background-attachment":"scroll","background-type":"","background-media":"","overlay-type":"","overlay-color":"","overlay-opacity":"","overlay-gradient":""}}},"product_brand":[],"product_cat":[50],"product_tag":[],"class_list":{"0":"post-1173","1":"product","2":"type-product","3":"status-publish","4":"has-post-thumbnail","6":"product_cat-high-end-sex-toys","7":"desktop-align-left","8":"tablet-align-left","9":"mobile-align-left","11":"first","12":"instock","13":"sale","14":"shipping-taxable","15":"purchasable","16":"product-type-simple"},"_links":{"self":[{"href":"https:\/\/sgy.com.mx\/en\/wp-json\/wp\/v2\/product\/1173","targetHints":{"allow":["GET"]}}],"collection":[{"href":"https:\/\/sgy.com.mx\/en\/wp-json\/wp\/v2\/product"}],"about":[{"href":"https:\/\/sgy.com.mx\/en\/wp-json\/wp\/v2\/types\/product"}],"replies":[{"embeddable":true,"href":"https:\/\/sgy.com.mx\/en\/wp-json\/wp\/v2\/comments?post=1173"}],"wp:featuredmedia":[{"embeddable":true,"href":"https:\/\/sgy.com.mx\/en\/wp-json\/wp\/v2\/media\/1177"}],"wp:attachment":[{"href":"https:\/\/sgy.com.mx\/en\/wp-json\/wp\/v2\/media?parent=1173"}],"wp:term":[{"taxonomy":"product_brand","embeddable":true,"href":"https:\/\/sgy.com.mx\/en\/wp-json\/wp\/v2\/product_brand?post=1173"},{"taxonomy":"product_cat","embeddable":true,"href":"https:\/\/sgy.com.mx\/en\/wp-json\/wp\/v2\/product_cat?post=1173"},{"taxonomy":"product_tag","embeddable":true,"href":"https:\/\/sgy.com.mx\/en\/wp-json\/wp\/v2\/product_tag?post=1173"}],"curies":[{"name":"wp","href":"https:\/\/api.w.org\/{rel}","templated":true}]}}