{"id":1132,"date":"2026-01-20T17:51:36","date_gmt":"2026-01-20T17:51:36","guid":{"rendered":"https:\/\/sgy.com.mx\/?post_type=product&#038;p=1132"},"modified":"2026-01-20T17:51:36","modified_gmt":"2026-01-20T17:51:36","slug":"may-rung-diem-g-nu-cao-cap-kich-thich-am-dao-hot-le-len-dinh-manh-me","status":"publish","type":"product","link":"https:\/\/sgy.com.mx\/en\/product\/may-rung-diem-g-nu-cao-cap-kich-thich-am-dao-hot-le-len-dinh-manh-me\/","title":{"rendered":"M\u00e1y Rung \u0110i\u1ec3m G N\u1eef Cao C\u1ea5p \u2013 K\u00edch Th\u00edch \u00c2m \u0110\u1ea1o &#038; H\u1ed9t Le, L\u00ean \u0110\u1ec9nh M\u1ea1nh M\u1ebd"},"content":{"rendered":"<p>M\u00e1y rung t\u00ecnh d\u1ee5c n\u1eef, cong ch\u1ea1m \u0111i\u1ec3m G, rung m\u1ea1nh k\u00edch th\u00edch kho\u00e1i c\u1ea3m. Silicone y t\u1ebf an to\u00e0n, s\u1ea1c USB, ch\u1ed1ng n\u01b0\u1edbc. D\u00f9ng th\u1ee7 d\u00e2m ho\u1eb7c d\u1ea1o \u0111\u1ea7u. Giao h\u00e0ng k\u00edn \u0111\u00e1o to\u00e0n qu\u1ed1c.<\/p>","protected":false},"excerpt":{"rendered":"<p>M\u00e1y rung \u00e2m \u0111\u1ea1o n\u1eef thi\u1ebft k\u1ebf cong th\u00f4ng minh, k\u00edch th\u00edch \u0111i\u1ec3m G + h\u1ed9t le c\u1ef1c ph\u00ea. Nhi\u1ec1u ch\u1ebf \u0111\u1ed9 rung xoay li\u1ebfm, gi\u00fap n\u00e0ng \u0111\u1ea1t c\u1ef1c kho\u00e1i nhanh g\u1ea5p 3 l\u1ea7n. Silicone m\u1ec1m m\u1ea1i kh\u00f4ng m\u00f9i, ch\u1ed1ng n\u01b0\u1edbc IPX7. D\u00f9ng l\u00e0 nghi\u1ec7n, t\u0103ng s\u1ef1 t\u1ef1 tin ph\u00f2ng the!<\/p>","protected":false},"featured_media":1134,"comment_status":"open","ping_status":"closed","template":"","meta":{"site-sidebar-layout":"default","site-content-layout":"","ast-site-content-layout":"default","site-content-style":"default","site-sidebar-style":"default","ast-global-header-display":"","ast-banner-title-visibility":"","ast-main-header-display":"","ast-hfb-above-header-display":"","ast-hfb-below-header-display":"","ast-hfb-mobile-header-display":"","site-post-title":"","ast-breadcrumbs-content":"","ast-featured-img":"","footer-sml-layout":"","ast-disable-related-posts":"","theme-transparent-header-meta":"default","adv-header-id-meta":"","stick-header-meta":"","header-above-stick-meta":"","header-main-stick-meta":"","header-below-stick-meta":"","astra-migrate-meta-layouts":"set","ast-page-background-enabled":"default","ast-page-background-meta":{"desktop":{"background-color":"var(--ast-global-color-5)","background-image":"","background-repeat":"repeat","background-position":"center center","background-size":"auto","background-attachment":"scroll","background-type":"","background-media":"","overlay-type":"","overlay-color":"","overlay-opacity":"","overlay-gradient":""},"tablet":{"background-color":"","background-image":"","background-repeat":"repeat","background-position":"center center","background-size":"auto","background-attachment":"scroll","background-type":"","background-media":"","overlay-type":"","overlay-color":"","overlay-opacity":"","overlay-gradient":""},"mobile":{"background-color":"","background-image":"","background-repeat":"repeat","background-position":"center center","background-size":"auto","background-attachment":"scroll","background-type":"","background-media":"","overlay-type":"","overlay-color":"","overlay-opacity":"","overlay-gradient":""}},"ast-content-background-meta":{"desktop":{"background-color":"var(--ast-global-color-4)","background-image":"","background-repeat":"repeat","background-position":"center center","background-size":"auto","background-attachment":"scroll","background-type":"","background-media":"","overlay-type":"","overlay-color":"","overlay-opacity":"","overlay-gradient":""},"tablet":{"background-color":"var(--ast-global-color-4)","background-image":"","background-repeat":"repeat","background-position":"center center","background-size":"auto","background-attachment":"scroll","background-type":"","background-media":"","overlay-type":"","overlay-color":"","overlay-opacity":"","overlay-gradient":""},"mobile":{"background-color":"var(--ast-global-color-4)","background-image":"","background-repeat":"repeat","background-position":"center center","background-size":"auto","background-attachment":"scroll","background-type":"","background-media":"","overlay-type":"","overlay-color":"","overlay-opacity":"","overlay-gradient":""}}},"product_brand":[],"product_cat":[15],"product_tag":[],"class_list":{"0":"post-1132","1":"product","2":"type-product","3":"status-publish","4":"has-post-thumbnail","6":"product_cat-sextoys-for-women","7":"desktop-align-left","8":"tablet-align-left","9":"mobile-align-left","11":"first","12":"instock","13":"sale","14":"shipping-taxable","15":"purchasable","16":"product-type-simple"},"_links":{"self":[{"href":"https:\/\/sgy.com.mx\/en\/wp-json\/wp\/v2\/product\/1132","targetHints":{"allow":["GET"]}}],"collection":[{"href":"https:\/\/sgy.com.mx\/en\/wp-json\/wp\/v2\/product"}],"about":[{"href":"https:\/\/sgy.com.mx\/en\/wp-json\/wp\/v2\/types\/product"}],"replies":[{"embeddable":true,"href":"https:\/\/sgy.com.mx\/en\/wp-json\/wp\/v2\/comments?post=1132"}],"wp:featuredmedia":[{"embeddable":true,"href":"https:\/\/sgy.com.mx\/en\/wp-json\/wp\/v2\/media\/1134"}],"wp:attachment":[{"href":"https:\/\/sgy.com.mx\/en\/wp-json\/wp\/v2\/media?parent=1132"}],"wp:term":[{"taxonomy":"product_brand","embeddable":true,"href":"https:\/\/sgy.com.mx\/en\/wp-json\/wp\/v2\/product_brand?post=1132"},{"taxonomy":"product_cat","embeddable":true,"href":"https:\/\/sgy.com.mx\/en\/wp-json\/wp\/v2\/product_cat?post=1132"},{"taxonomy":"product_tag","embeddable":true,"href":"https:\/\/sgy.com.mx\/en\/wp-json\/wp\/v2\/product_tag?post=1132"}],"curies":[{"name":"wp","href":"https:\/\/api.w.org\/{rel}","templated":true}]}}