{"id":1085,"date":"2026-01-17T16:17:14","date_gmt":"2026-01-17T16:17:14","guid":{"rendered":"https:\/\/sgy.com.mx\/?post_type=product&#038;p=1085"},"modified":"2026-01-17T16:17:38","modified_gmt":"2026-01-17T16:17:38","slug":"bao-cao-su-tang-kich-thuoc-co-the-tai-su-dung-san-pham-do-choi-tinh-duc-cho-cap-doi","status":"publish","type":"product","link":"https:\/\/sgy.com.mx\/en\/product\/bao-cao-su-tang-kich-thuoc-co-the-tai-su-dung-san-pham-do-choi-tinh-duc-cho-cap-doi\/","title":{"rendered":"Reusable condoms that increase size, sex toys for couples."},"content":{"rendered":"<p>Boosting male confidence: Helps \"warriors\" become more resilient and resilient, prolonging intercourse and bringing absolute satisfaction to their partners.<\/p>","protected":false},"excerpt":{"rendered":"<p>B\u00ed quy\u1ebft &#8220;\u0111\u1ed5i gi\u00f3&#8221; ph\u00f2ng the, kh\u1eafc ph\u1ee5c kh\u00f4 h\u1ea1n, l\u00e3nh c\u1ea3m, xu\u1ea5t s\u1edbm. T\u0103ng s\u1ef1 g\u1eafn k\u1ebft, th\u0103ng hoa cho c\u1ea3 hai. Giao h\u00e0ng k\u00edn \u0111\u00e1o, kh\u00f4ng ghi t\u00ean s\u1ea3n ph\u1ea9m, freeship n\u1ed9i th\u00e0nh H\u00e0 N\u1ed9i &amp; to\u00e0n qu\u1ed1c.<\/p>","protected":false},"featured_media":1086,"comment_status":"open","ping_status":"closed","template":"","meta":{"site-sidebar-layout":"default","site-content-layout":"","ast-site-content-layout":"default","site-content-style":"default","site-sidebar-style":"default","ast-global-header-display":"","ast-banner-title-visibility":"","ast-main-header-display":"","ast-hfb-above-header-display":"","ast-hfb-below-header-display":"","ast-hfb-mobile-header-display":"","site-post-title":"","ast-breadcrumbs-content":"","ast-featured-img":"","footer-sml-layout":"","ast-disable-related-posts":"","theme-transparent-header-meta":"default","adv-header-id-meta":"","stick-header-meta":"","header-above-stick-meta":"","header-main-stick-meta":"","header-below-stick-meta":"","astra-migrate-meta-layouts":"set","ast-page-background-enabled":"default","ast-page-background-meta":{"desktop":{"background-color":"var(--ast-global-color-5)","background-image":"","background-repeat":"repeat","background-position":"center center","background-size":"auto","background-attachment":"scroll","background-type":"","background-media":"","overlay-type":"","overlay-color":"","overlay-opacity":"","overlay-gradient":""},"tablet":{"background-color":"","background-image":"","background-repeat":"repeat","background-position":"center center","background-size":"auto","background-attachment":"scroll","background-type":"","background-media":"","overlay-type":"","overlay-color":"","overlay-opacity":"","overlay-gradient":""},"mobile":{"background-color":"","background-image":"","background-repeat":"repeat","background-position":"center center","background-size":"auto","background-attachment":"scroll","background-type":"","background-media":"","overlay-type":"","overlay-color":"","overlay-opacity":"","overlay-gradient":""}},"ast-content-background-meta":{"desktop":{"background-color":"var(--ast-global-color-4)","background-image":"","background-repeat":"repeat","background-position":"center center","background-size":"auto","background-attachment":"scroll","background-type":"","background-media":"","overlay-type":"","overlay-color":"","overlay-opacity":"","overlay-gradient":""},"tablet":{"background-color":"var(--ast-global-color-4)","background-image":"","background-repeat":"repeat","background-position":"center center","background-size":"auto","background-attachment":"scroll","background-type":"","background-media":"","overlay-type":"","overlay-color":"","overlay-opacity":"","overlay-gradient":""},"mobile":{"background-color":"var(--ast-global-color-4)","background-image":"","background-repeat":"repeat","background-position":"center center","background-size":"auto","background-attachment":"scroll","background-type":"","background-media":"","overlay-type":"","overlay-color":"","overlay-opacity":"","overlay-gradient":""}}},"product_brand":[],"product_cat":[46],"product_tag":[],"class_list":{"0":"post-1085","1":"product","2":"type-product","3":"status-publish","4":"has-post-thumbnail","6":"product_cat-sextoys-for-men","7":"desktop-align-left","8":"tablet-align-left","9":"mobile-align-left","11":"first","12":"instock","13":"sale","14":"shipping-taxable","15":"purchasable","16":"product-type-simple"},"_links":{"self":[{"href":"https:\/\/sgy.com.mx\/en\/wp-json\/wp\/v2\/product\/1085","targetHints":{"allow":["GET"]}}],"collection":[{"href":"https:\/\/sgy.com.mx\/en\/wp-json\/wp\/v2\/product"}],"about":[{"href":"https:\/\/sgy.com.mx\/en\/wp-json\/wp\/v2\/types\/product"}],"replies":[{"embeddable":true,"href":"https:\/\/sgy.com.mx\/en\/wp-json\/wp\/v2\/comments?post=1085"}],"wp:featuredmedia":[{"embeddable":true,"href":"https:\/\/sgy.com.mx\/en\/wp-json\/wp\/v2\/media\/1086"}],"wp:attachment":[{"href":"https:\/\/sgy.com.mx\/en\/wp-json\/wp\/v2\/media?parent=1085"}],"wp:term":[{"taxonomy":"product_brand","embeddable":true,"href":"https:\/\/sgy.com.mx\/en\/wp-json\/wp\/v2\/product_brand?post=1085"},{"taxonomy":"product_cat","embeddable":true,"href":"https:\/\/sgy.com.mx\/en\/wp-json\/wp\/v2\/product_cat?post=1085"},{"taxonomy":"product_tag","embeddable":true,"href":"https:\/\/sgy.com.mx\/en\/wp-json\/wp\/v2\/product_tag?post=1085"}],"curies":[{"name":"wp","href":"https:\/\/api.w.org\/{rel}","templated":true}]}}