{"id":29,"date":"2025-07-18T09:12:38","date_gmt":"2025-07-18T09:12:38","guid":{"rendered":"https:\/\/sgy.com.mx\/%e8%b4%ad%e7%89%a9%e8%bd%a6\/"},"modified":"2026-01-14T16:49:57","modified_gmt":"2026-01-14T16:49:57","slug":"shopping-cart","status":"publish","type":"page","link":"https:\/\/sgy.com.mx\/en\/shopping-cart\/","title":{"rendered":"Gi\u1ecf h\u00e0ng"},"content":{"rendered":"<div data-block-name=\"woocommerce\/cart\" class=\"wp-block-woocommerce-cart alignwide is-loading\">\n    <div data-block-name=\"woocommerce\/filled-cart-block\" class=\"wp-block-woocommerce-filled-cart-block\">\n        <div data-block-name=\"woocommerce\/cart-items-block\" class=\"wp-block-woocommerce-cart-items-block\">\n            <div data-block-name=\"woocommerce\/cart-line-items-block\" class=\"wp-block-woocommerce-cart-line-items-block\"><\/div>\n            \n\n            \n            <div data-block-name=\"woocommerce\/cart-cross-sells-block\" class=\"wp-block-woocommerce-cart-cross-sells-block\">\n                <h2 class=\"wp-block-heading has-large-font-size\">You may be interested in\u2026<\/h2>\n                \n\n                \n                <div data-block-name=\"woocommerce\/cart-cross-sells-products-block\" class=\"wp-block-woocommerce-cart-cross-sells-products-block\"><\/div>\n                <\/div>\n            <\/div>\n        \n\n        \n        <div data-block-name=\"woocommerce\/cart-totals-block\" class=\"wp-block-woocommerce-cart-totals-block\">\n            <div data-block-name=\"woocommerce\/cart-order-summary-block\" class=\"wp-block-woocommerce-cart-order-summary-block\">\n                <div data-block-name=\"woocommerce\/cart-order-summary-heading-block\" class=\"wp-block-woocommerce-cart-order-summary-heading-block\"><\/div>\n                \n\n                \n                <div data-block-name=\"woocommerce\/cart-order-summary-coupon-form-block\" class=\"wp-block-woocommerce-cart-order-summary-coupon-form-block\"><\/div>\n                \n\n                \n                <div data-block-name=\"woocommerce\/cart-order-summary-totals-block\" class=\"wp-block-woocommerce-cart-order-summary-totals-block\">\n                    <div data-block-name=\"woocommerce\/cart-order-summary-subtotal-block\" class=\"wp-block-woocommerce-cart-order-summary-subtotal-block\"><\/div>\n                    \n\n                    \n                    <div data-block-name=\"woocommerce\/cart-order-summary-fee-block\" class=\"wp-block-woocommerce-cart-order-summary-fee-block\"><\/div>\n                    \n\n                    \n                    <div data-block-name=\"woocommerce\/cart-order-summary-discount-block\" class=\"wp-block-woocommerce-cart-order-summary-discount-block\"><\/div>\n                    \n\n                    \n                    <div data-block-name=\"woocommerce\/cart-order-summary-shipping-block\" class=\"wp-block-woocommerce-cart-order-summary-shipping-block\"><\/div>\n                    \n\n                    \n                    <div data-block-name=\"woocommerce\/cart-order-summary-taxes-block\" class=\"wp-block-woocommerce-cart-order-summary-taxes-block\"><\/div>\n                    <\/div>\n                <\/div>\n            \n\n            \n            <div data-block-name=\"woocommerce\/cart-express-payment-block\" class=\"wp-block-woocommerce-cart-express-payment-block\"><\/div>\n            \n\n            \n            <div data-block-name=\"woocommerce\/proceed-to-checkout-block\" class=\"wp-block-woocommerce-proceed-to-checkout-block\"><\/div>\n            <div id=\"ppcp-recaptcha-v2-container\" style=\"margin:20px 0;\"><\/div>\n\n            \n            <div data-block-name=\"woocommerce\/cart-accepted-payment-methods-block\" class=\"wp-block-woocommerce-cart-accepted-payment-methods-block\"><\/div>\n            <\/div>\n        <\/div>\n    \n\n    \n    <div data-block-name=\"woocommerce\/empty-cart-block\" class=\"wp-block-woocommerce-empty-cart-block\">\n        <h2 class=\"wp-block-heading has-text-align-center with-empty-cart-icon wc-block-cart__empty-cart__title\">Your cart is currently empty!<\/h2>\n        \n\n        \n        <hr class=\"wp-block-separator has-alpha-channel-opacity is-style-dots\"\/>\n        \n\n        \n        <h2 class=\"wp-block-heading has-text-align-center\">New in store<\/h2>\n        \n\n        <div data-block-name=\"woocommerce\/product-new\" data-columns=\"4\" data-rows=\"1\" class=\"wc-block-grid wp-block-product-new wp-block-woocommerce-product-new wc-block-product-new has-4-columns\"><ul class=\"wc-block-grid__products\"><li class=\"wc-block-grid__product\">\n\t\t\t\t<a href=\"https:\/\/sgy.com.mx\/en\/product\/may-rung-av-rung-manh-kich-thich-am-dao-chay-rung-tinh-duc-nu\/\" class=\"wc-block-grid__product-link\">\n\t\t\t\t\t<div class=\"wc-block-grid__product-onsale\">\n\t\t\t<span aria-hidden=\"true\" data-no-translation=\"\" data-trp-gettext=\"\">Sale<\/span>\n\t\t\t<span class=\"screen-reader-text\" data-no-translation=\"\" data-trp-gettext=\"\">Product on sale<\/span>\n\t\t<\/div>\n\t\t\t\t\t<div class=\"wc-block-grid__product-image\"><img fetchpriority=\"high\" decoding=\"async\" width=\"300\" height=\"300\" src=\"https:\/\/sgy.com.mx\/wp-content\/uploads\/2026\/02\/O1CN01I6OsOb1wLn3E5tHNc_2218527016292-0-cib-1-300x300.jpg\" class=\"attachment-woocommerce_thumbnail size-woocommerce_thumbnail\" alt=\"M\u00e1y rung AV rung m\u1ea1nh k\u00edch th\u00edch \u00e2m \u0111\u1ea1o Ch\u00e0y rung t\u00ecnh d\u1ee5c n\u1eef\" srcset=\"https:\/\/sgy.com.mx\/wp-content\/uploads\/2026\/02\/O1CN01I6OsOb1wLn3E5tHNc_2218527016292-0-cib-1-300x300.jpg 300w, https:\/\/sgy.com.mx\/wp-content\/uploads\/2026\/02\/O1CN01I6OsOb1wLn3E5tHNc_2218527016292-0-cib-1-150x150.jpg 150w, https:\/\/sgy.com.mx\/wp-content\/uploads\/2026\/02\/O1CN01I6OsOb1wLn3E5tHNc_2218527016292-0-cib-1-768x768.jpg 768w, https:\/\/sgy.com.mx\/wp-content\/uploads\/2026\/02\/O1CN01I6OsOb1wLn3E5tHNc_2218527016292-0-cib-1-12x12.jpg 12w, https:\/\/sgy.com.mx\/wp-content\/uploads\/2026\/02\/O1CN01I6OsOb1wLn3E5tHNc_2218527016292-0-cib-1-600x600.jpg 600w, https:\/\/sgy.com.mx\/wp-content\/uploads\/2026\/02\/O1CN01I6OsOb1wLn3E5tHNc_2218527016292-0-cib-1-100x100.jpg 100w, https:\/\/sgy.com.mx\/wp-content\/uploads\/2026\/02\/O1CN01I6OsOb1wLn3E5tHNc_2218527016292-0-cib-1.jpg 800w\" sizes=\"(max-width: 300px) 100vw, 300px\" \/><\/div>\n\t\t\t\t\t<div class=\"wc-block-grid__product-title\">M\u00e1y rung AV rung m\u1ea1nh k\u00edch th\u00edch \u00e2m \u0111\u1ea1o Ch\u00e0y rung t\u00ecnh d\u1ee5c n\u1eef<\/div>\n\t\t\t\t<\/a>\n\t\t\t\t<div class=\"wc-block-grid__product-price price\"><del aria-hidden=\"true\"><span class=\"woocommerce-Price-amount amount\"><span class=\"woocommerce-Price-currencySymbol\">&#8363;<\/span>400,000.00<\/span><\/del> <span class=\"screen-reader-text\" data-no-translation=\"\" data-trp-gettext=\"\">Original price was: &#8363;400,000.00.<\/span><ins aria-hidden=\"true\"><span class=\"woocommerce-Price-amount amount\"><span class=\"woocommerce-Price-currencySymbol\">&#8363;<\/span>336,900.00<\/span><\/ins><span class=\"screen-reader-text\" data-no-translation=\"\" data-trp-gettext=\"\">Current price is: &#8363;336,900.00.<\/span><\/div>\n\t\t\t\t\n\t\t\t\t<div class=\"wp-block-button wc-block-grid__product-add-to-cart\"><a href=\"\/en\/wp-json\/wp\/v2\/pages\/29?add-to-cart=1218\" aria-label=\"Add to cart: \u201cM\u00e1y rung AV rung m\u1ea1nh k\u00edch th\u00edch \u00e2m \u0111\u1ea1o Ch\u00e0y rung t\u00ecnh d\u1ee5c n\u1eef\u201d\" data-quantity=\"1\" data-product_id=\"1218\" data-product_sku=\"\" data-price=\"336900\" rel=\"nofollow\" class=\"wp-block-button__link  add_to_cart_button ajax_add_to_cart\" data-no-translation=\"\" data-trp-gettext=\"\" data-no-translation-aria-label=\"\">Add to cart<\/a><\/div>\n\t\t\t<\/li><li class=\"wc-block-grid__product\">\n\t\t\t\t<a href=\"https:\/\/sgy.com.mx\/en\/product\/trung-rung-mini-khong-day-may-rung-trung-tinh-yeu\/\" class=\"wc-block-grid__product-link\">\n\t\t\t\t\t<div class=\"wc-block-grid__product-onsale\">\n\t\t\t<span aria-hidden=\"true\" data-no-translation=\"\" data-trp-gettext=\"\">Sale<\/span>\n\t\t\t<span class=\"screen-reader-text\" data-no-translation=\"\" data-trp-gettext=\"\">Product on sale<\/span>\n\t\t<\/div>\n\t\t\t\t\t<div class=\"wc-block-grid__product-image\"><img decoding=\"async\" width=\"300\" height=\"300\" src=\"https:\/\/sgy.com.mx\/wp-content\/uploads\/2026\/02\/O1CN019gQehf1xn6IF1PMlO_2218759776487-0-cib-300x300.jpg\" class=\"attachment-woocommerce_thumbnail size-woocommerce_thumbnail\" alt=\"Tr\u1ee9ng rung mini kh\u00f4ng d\u00e2y  M\u00e1y rung tr\u1ee9ng t\u00ecnh y\u00eau\" srcset=\"https:\/\/sgy.com.mx\/wp-content\/uploads\/2026\/02\/O1CN019gQehf1xn6IF1PMlO_2218759776487-0-cib-300x300.jpg 300w, https:\/\/sgy.com.mx\/wp-content\/uploads\/2026\/02\/O1CN019gQehf1xn6IF1PMlO_2218759776487-0-cib-150x150.jpg 150w, https:\/\/sgy.com.mx\/wp-content\/uploads\/2026\/02\/O1CN019gQehf1xn6IF1PMlO_2218759776487-0-cib-768x768.jpg 768w, https:\/\/sgy.com.mx\/wp-content\/uploads\/2026\/02\/O1CN019gQehf1xn6IF1PMlO_2218759776487-0-cib-12x12.jpg 12w, https:\/\/sgy.com.mx\/wp-content\/uploads\/2026\/02\/O1CN019gQehf1xn6IF1PMlO_2218759776487-0-cib-600x600.jpg 600w, https:\/\/sgy.com.mx\/wp-content\/uploads\/2026\/02\/O1CN019gQehf1xn6IF1PMlO_2218759776487-0-cib-100x100.jpg 100w, https:\/\/sgy.com.mx\/wp-content\/uploads\/2026\/02\/O1CN019gQehf1xn6IF1PMlO_2218759776487-0-cib.jpg 800w\" sizes=\"(max-width: 300px) 100vw, 300px\" \/><\/div>\n\t\t\t\t\t<div class=\"wc-block-grid__product-title\">Tr\u1ee9ng rung mini kh\u00f4ng d\u00e2y  M\u00e1y rung tr\u1ee9ng t\u00ecnh y\u00eau<\/div>\n\t\t\t\t<\/a>\n\t\t\t\t<div class=\"wc-block-grid__product-price price\"><del aria-hidden=\"true\"><span class=\"woocommerce-Price-amount amount\"><span class=\"woocommerce-Price-currencySymbol\">&#8363;<\/span>300,000.00<\/span><\/del> <span class=\"screen-reader-text\" data-no-translation=\"\" data-trp-gettext=\"\">Original price was: &#8363;300,000.00.<\/span><ins aria-hidden=\"true\"><span class=\"woocommerce-Price-amount amount\"><span class=\"woocommerce-Price-currencySymbol\">&#8363;<\/span>260,000.00<\/span><\/ins><span class=\"screen-reader-text\" data-no-translation=\"\" data-trp-gettext=\"\">Current price is: &#8363;260,000.00.<\/span><\/div>\n\t\t\t\t\n\t\t\t\t<div class=\"wp-block-button wc-block-grid__product-add-to-cart\"><a href=\"\/en\/wp-json\/wp\/v2\/pages\/29?add-to-cart=1210\" aria-label=\"Add to cart: \u201cTr\u1ee9ng rung mini kh\u00f4ng d\u00e2y  M\u00e1y rung tr\u1ee9ng t\u00ecnh y\u00eau\u201d\" data-quantity=\"1\" data-product_id=\"1210\" data-product_sku=\"\" data-price=\"260000\" rel=\"nofollow\" class=\"wp-block-button__link  add_to_cart_button ajax_add_to_cart\" data-no-translation=\"\" data-trp-gettext=\"\" data-no-translation-aria-label=\"\">Add to cart<\/a><\/div>\n\t\t\t<\/li><li class=\"wc-block-grid__product\">\n\t\t\t\t<a href=\"https:\/\/sgy.com.mx\/en\/product\/may-rung-diem-g-nu-cao-cap-kich-thich-am-dao-hot-le-len-dinh-manh-me\/\" class=\"wc-block-grid__product-link\">\n\t\t\t\t\t<div class=\"wc-block-grid__product-onsale\">\n\t\t\t<span aria-hidden=\"true\" data-no-translation=\"\" data-trp-gettext=\"\">Sale<\/span>\n\t\t\t<span class=\"screen-reader-text\" data-no-translation=\"\" data-trp-gettext=\"\">Product on sale<\/span>\n\t\t<\/div>\n\t\t\t\t\t<div class=\"wc-block-grid__product-image\"><img decoding=\"async\" width=\"300\" height=\"300\" src=\"https:\/\/sgy.com.mx\/wp-content\/uploads\/2026\/01\/\u4e3b\u56fe2-300x300.png\" class=\"attachment-woocommerce_thumbnail size-woocommerce_thumbnail\" alt=\"M\u00e1y Rung \u0110i\u1ec3m G N\u1eef Cao C\u1ea5p \u2013 K\u00edch Th\u00edch \u00c2m \u0110\u1ea1o &amp; H\u1ed9t Le, L\u00ean \u0110\u1ec9nh M\u1ea1nh M\u1ebd\" srcset=\"https:\/\/sgy.com.mx\/wp-content\/uploads\/2026\/01\/\u4e3b\u56fe2-300x300.png 300w, https:\/\/sgy.com.mx\/wp-content\/uploads\/2026\/01\/\u4e3b\u56fe2-150x150.png 150w, https:\/\/sgy.com.mx\/wp-content\/uploads\/2026\/01\/\u4e3b\u56fe2-768x768.png 768w, https:\/\/sgy.com.mx\/wp-content\/uploads\/2026\/01\/\u4e3b\u56fe2-12x12.png 12w, https:\/\/sgy.com.mx\/wp-content\/uploads\/2026\/01\/\u4e3b\u56fe2-600x600.png 600w, https:\/\/sgy.com.mx\/wp-content\/uploads\/2026\/01\/\u4e3b\u56fe2-100x100.png 100w, https:\/\/sgy.com.mx\/wp-content\/uploads\/2026\/01\/\u4e3b\u56fe2.png 800w\" sizes=\"(max-width: 300px) 100vw, 300px\" \/><\/div>\n\t\t\t\t\t<div class=\"wc-block-grid__product-title\">M\u00e1y Rung \u0110i\u1ec3m G N\u1eef Cao C\u1ea5p \u2013 K\u00edch Th\u00edch \u00c2m \u0110\u1ea1o &amp; H\u1ed9t Le, L\u00ean \u0110\u1ec9nh M\u1ea1nh M\u1ebd<\/div>\n\t\t\t\t<\/a>\n\t\t\t\t<div class=\"wc-block-grid__product-price price\"><del aria-hidden=\"true\"><span class=\"woocommerce-Price-amount amount\"><span class=\"woocommerce-Price-currencySymbol\">&#8363;<\/span>600,000.00<\/span><\/del> <span class=\"screen-reader-text\" data-no-translation=\"\" data-trp-gettext=\"\">Original price was: &#8363;600,000.00.<\/span><ins aria-hidden=\"true\"><span class=\"woocommerce-Price-amount amount\"><span class=\"woocommerce-Price-currencySymbol\">&#8363;<\/span>565,800.00<\/span><\/ins><span class=\"screen-reader-text\" data-no-translation=\"\" data-trp-gettext=\"\">Current price is: &#8363;565,800.00.<\/span><\/div>\n\t\t\t\t\n\t\t\t\t<div class=\"wp-block-button wc-block-grid__product-add-to-cart\"><a href=\"\/en\/wp-json\/wp\/v2\/pages\/29?add-to-cart=1132\" aria-label=\"Add to cart: \u201cM\u00e1y Rung \u0110i\u1ec3m G N\u1eef Cao C\u1ea5p \u2013 K\u00edch Th\u00edch \u00c2m \u0110\u1ea1o &amp; H\u1ed9t Le, L\u00ean \u0110\u1ec9nh M\u1ea1nh M\u1ebd\u201d\" data-quantity=\"1\" data-product_id=\"1132\" data-product_sku=\"\" data-price=\"565800\" rel=\"nofollow\" class=\"wp-block-button__link  add_to_cart_button ajax_add_to_cart\" data-no-translation=\"\" data-trp-gettext=\"\" data-no-translation-aria-label=\"\">Add to cart<\/a><\/div>\n\t\t\t<\/li><li class=\"wc-block-grid__product\">\n\t\t\t\t<a href=\"https:\/\/sgy.com.mx\/en\/product\/may-rung-nu-len-dinh-sieu-nhanh-kich-thich-diem-g-am-vat-run-ray-khong-dung\/\" class=\"wc-block-grid__product-link\">\n\t\t\t\t\t<div class=\"wc-block-grid__product-onsale\">\n\t\t\t<span aria-hidden=\"true\" data-no-translation=\"\" data-trp-gettext=\"\">Sale<\/span>\n\t\t\t<span class=\"screen-reader-text\" data-no-translation=\"\" data-trp-gettext=\"\">Product on sale<\/span>\n\t\t<\/div>\n\t\t\t\t\t<div class=\"wc-block-grid__product-image\"><img loading=\"lazy\" decoding=\"async\" width=\"300\" height=\"300\" src=\"https:\/\/sgy.com.mx\/wp-content\/uploads\/2026\/01\/1906951-300x300.jpg\" class=\"attachment-woocommerce_thumbnail size-woocommerce_thumbnail\" alt=\"M\u00e1y Rung N\u1eef L\u00ean \u0110\u1ec9nh Si\u00eau Nhanh \u2013 K\u00edch Th\u00edch \u0110i\u1ec3m G + \u00c2m V\u1eadt, Run R\u1ea9y Kh\u00f4ng D\u1eebng\" srcset=\"https:\/\/sgy.com.mx\/wp-content\/uploads\/2026\/01\/1906951-300x300.jpg 300w, https:\/\/sgy.com.mx\/wp-content\/uploads\/2026\/01\/1906951-150x150.jpg 150w, https:\/\/sgy.com.mx\/wp-content\/uploads\/2026\/01\/1906951-768x768.jpg 768w, https:\/\/sgy.com.mx\/wp-content\/uploads\/2026\/01\/1906951-12x12.jpg 12w, https:\/\/sgy.com.mx\/wp-content\/uploads\/2026\/01\/1906951-600x600.jpg 600w, https:\/\/sgy.com.mx\/wp-content\/uploads\/2026\/01\/1906951-100x100.jpg 100w, https:\/\/sgy.com.mx\/wp-content\/uploads\/2026\/01\/1906951.jpg 800w\" sizes=\"(max-width: 300px) 100vw, 300px\" \/><\/div>\n\t\t\t\t\t<div class=\"wc-block-grid__product-title\">M\u00e1y Rung N\u1eef L\u00ean \u0110\u1ec9nh Si\u00eau Nhanh \u2013 K\u00edch Th\u00edch \u0110i\u1ec3m G + \u00c2m V\u1eadt, Run R\u1ea9y Kh\u00f4ng D\u1eebng<\/div>\n\t\t\t\t<\/a>\n\t\t\t\t<div class=\"wc-block-grid__product-price price\"><del aria-hidden=\"true\"><span class=\"woocommerce-Price-amount amount\"><span class=\"woocommerce-Price-currencySymbol\">&#8363;<\/span>600,000.00<\/span><\/del> <span class=\"screen-reader-text\" data-no-translation=\"\" data-trp-gettext=\"\">Original price was: &#8363;600,000.00.<\/span><ins aria-hidden=\"true\"><span class=\"woocommerce-Price-amount amount\"><span class=\"woocommerce-Price-currencySymbol\">&#8363;<\/span>565,800.00<\/span><\/ins><span class=\"screen-reader-text\" data-no-translation=\"\" data-trp-gettext=\"\">Current price is: &#8363;565,800.00.<\/span><\/div>\n\t\t\t\t\n\t\t\t\t<div class=\"wp-block-button wc-block-grid__product-add-to-cart\"><a href=\"\/en\/wp-json\/wp\/v2\/pages\/29?add-to-cart=1193\" aria-label=\"Add to cart: \u201cM\u00e1y Rung N\u1eef L\u00ean \u0110\u1ec9nh Si\u00eau Nhanh \u2013 K\u00edch Th\u00edch \u0110i\u1ec3m G + \u00c2m V\u1eadt, Run R\u1ea9y Kh\u00f4ng D\u1eebng\u201d\" data-quantity=\"1\" data-product_id=\"1193\" data-product_sku=\"\" data-price=\"565800\" rel=\"nofollow\" class=\"wp-block-button__link  add_to_cart_button ajax_add_to_cart\" data-no-translation=\"\" data-trp-gettext=\"\" data-no-translation-aria-label=\"\">Add to cart<\/a><\/div>\n\t\t\t<\/li><\/ul><\/div><\/div>\n    <\/div>","protected":false},"excerpt":{"rendered":"","protected":false},"author":1,"featured_media":0,"parent":0,"menu_order":0,"comment_status":"closed","ping_status":"closed","template":"","meta":{"site-sidebar-layout":"default","site-content-layout":"","ast-site-content-layout":"default","site-content-style":"default","site-sidebar-style":"default","ast-global-header-display":"","ast-banner-title-visibility":"","ast-main-header-display":"","ast-hfb-above-header-display":"","ast-hfb-below-header-display":"","ast-hfb-mobile-header-display":"","site-post-title":"","ast-breadcrumbs-content":"","ast-featured-img":"","footer-sml-layout":"","ast-disable-related-posts":"","theme-transparent-header-meta":"","adv-header-id-meta":"","stick-header-meta":"","header-above-stick-meta":"","header-main-stick-meta":"","header-below-stick-meta":"","astra-migrate-meta-layouts":"default","ast-page-background-enabled":"default","ast-page-background-meta":{"desktop":{"background-color":"var(--ast-global-color-5)","background-image":"","background-repeat":"repeat","background-position":"center center","background-size":"auto","background-attachment":"scroll","background-type":"","background-media":"","overlay-type":"","overlay-color":"","overlay-opacity":"","overlay-gradient":""},"tablet":{"background-color":"","background-image":"","background-repeat":"repeat","background-position":"center center","background-size":"auto","background-attachment":"scroll","background-type":"","background-media":"","overlay-type":"","overlay-color":"","overlay-opacity":"","overlay-gradient":""},"mobile":{"background-color":"","background-image":"","background-repeat":"repeat","background-position":"center center","background-size":"auto","background-attachment":"scroll","background-type":"","background-media":"","overlay-type":"","overlay-color":"","overlay-opacity":"","overlay-gradient":""}},"ast-content-background-meta":{"desktop":{"background-color":"var(--ast-global-color-4)","background-image":"","background-repeat":"repeat","background-position":"center center","background-size":"auto","background-attachment":"scroll","background-type":"","background-media":"","overlay-type":"","overlay-color":"","overlay-opacity":"","overlay-gradient":""},"tablet":{"background-color":"var(--ast-global-color-4)","background-image":"","background-repeat":"repeat","background-position":"center center","background-size":"auto","background-attachment":"scroll","background-type":"","background-media":"","overlay-type":"","overlay-color":"","overlay-opacity":"","overlay-gradient":""},"mobile":{"background-color":"var(--ast-global-color-4)","background-image":"","background-repeat":"repeat","background-position":"center center","background-size":"auto","background-attachment":"scroll","background-type":"","background-media":"","overlay-type":"","overlay-color":"","overlay-opacity":"","overlay-gradient":""}},"footnotes":""},"class_list":["post-29","page","type-page","status-publish","hentry"],"_links":{"self":[{"href":"https:\/\/sgy.com.mx\/en\/wp-json\/wp\/v2\/pages\/29","targetHints":{"allow":["GET"]}}],"collection":[{"href":"https:\/\/sgy.com.mx\/en\/wp-json\/wp\/v2\/pages"}],"about":[{"href":"https:\/\/sgy.com.mx\/en\/wp-json\/wp\/v2\/types\/page"}],"author":[{"embeddable":true,"href":"https:\/\/sgy.com.mx\/en\/wp-json\/wp\/v2\/users\/1"}],"replies":[{"embeddable":true,"href":"https:\/\/sgy.com.mx\/en\/wp-json\/wp\/v2\/comments?post=29"}],"version-history":[{"count":2,"href":"https:\/\/sgy.com.mx\/en\/wp-json\/wp\/v2\/pages\/29\/revisions"}],"predecessor-version":[{"id":912,"href":"https:\/\/sgy.com.mx\/en\/wp-json\/wp\/v2\/pages\/29\/revisions\/912"}],"wp:attachment":[{"href":"https:\/\/sgy.com.mx\/en\/wp-json\/wp\/v2\/media?parent=29"}],"curies":[{"name":"wp","href":"https:\/\/api.w.org\/{rel}","templated":true}]}}